{"id":248,"date":"2023-09-21T12:02:11","date_gmt":"2023-09-21T10:02:11","guid":{"rendered":"https:\/\/xn--archoskol-e4a.fr\/?page_id=248"},"modified":"2023-10-02T10:50:58","modified_gmt":"2023-10-02T08:50:58","slug":"informations-tarifs","status":"publish","type":"page","link":"https:\/\/xn--archoskol-e4a.fr\/index.php\/informations-tarifs\/","title":{"rendered":"Informations &#038; tarifs"},"content":{"rendered":"\n<p class=\"has-text-align-center has-coffee-color has-text-color has-content-heading-font-size\"><strong>Afin que les ateliers se d\u00e9roulent dans les meilleures conditions, voici quelques pr\u00e9cisions&nbsp;:<\/strong><\/p>\n\n\n\n<p class=\"has-coffee-color has-text-color has-content-heading-font-size\"><strong>Ateliers \u00ab&nbsp;fouilles&nbsp;\u00bb&nbsp;:<\/strong><\/p>\n\n\n\n<p class=\"has-text-align-left has-luminous-vivid-orange-color has-text-color has-content-heading-font-size\"><strong>                       &#8211; ces ateliers demandent environ 1 heure d\u2019installation.<\/strong><\/p>\n\n\n\n<p class=\"has-text-align-left has-luminous-vivid-orange-color has-text-color has-content-heading-font-size\"><strong>                       &#8211; en g\u00e9n\u00e9ral, j\u2019arrive dans l\u2019\u00e9tablissement vers 8h00 pour commencer vers 9h00.<\/strong><\/p>\n\n\n\n<p class=\"has-luminous-vivid-orange-color has-text-color has-content-heading-font-size\"><strong>                       &#8211; mes modules de fouille n\u00e9cessitent un espace libre de 30 m2, comme une cour ou une prairie (s\u2019il fait beau) ou un pr\u00e9au ou une salle vide en rez-de-chauss\u00e9e (s\u2019il devait pleuvoir\u2026).<\/strong><\/p>\n\n\n\n<p class=\"has-luminous-vivid-orange-color has-text-color has-content-heading-font-size\"><strong>                       &#8211; si possible, je dois pouvoir approcher mon v\u00e9hicule au plus pr\u00e8s du&nbsp;\u00ab&nbsp;site de fouille&nbsp;\u00bb le temps de le d\u00e9charger.<\/strong><\/p>\n\n\n\n<figure class=\"wp-block-image aligncenter size-large is-resized\"><img fetchpriority=\"high\" decoding=\"async\" src=\"https:\/\/xn--archoskol-e4a.fr\/wp-content\/uploads\/2023\/09\/Installation-06-1024x289.jpg\" alt=\"\" class=\"wp-image-270\" style=\"width:973px;height:275px\" width=\"973\" height=\"275\" srcset=\"https:\/\/xn--archoskol-e4a.fr\/wp-content\/uploads\/2023\/09\/Installation-06-1024x289.jpg 1024w, https:\/\/xn--archoskol-e4a.fr\/wp-content\/uploads\/2023\/09\/Installation-06-300x85.jpg 300w, https:\/\/xn--archoskol-e4a.fr\/wp-content\/uploads\/2023\/09\/Installation-06-768x217.jpg 768w, https:\/\/xn--archoskol-e4a.fr\/wp-content\/uploads\/2023\/09\/Installation-06-1536x434.jpg 1536w, https:\/\/xn--archoskol-e4a.fr\/wp-content\/uploads\/2023\/09\/Installation-06-2048x579.jpg 2048w\" sizes=\"(max-width: 973px) 100vw, 973px\" \/><\/figure>\n\n\n\n<p class=\"has-luminous-vivid-orange-color has-text-color has-content-heading-font-size\"><strong>                       &#8211; les ateliers d\u00e9butent en classe par une pr\u00e9sentation faite avec un diaporama. Pour cela, j\u2019ai mon propre ordinateur et un vid\u00e9o projecteur.<\/strong><\/p>\n\n\n\n<p class=\"has-luminous-vivid-orange-color has-text-color has-content-heading-font-size\"><strong>                       &#8211; mes interventions durent entre 2 et 3h00. Je m\u2019adapte donc \u00e0 vos contraintes horaires&nbsp;!<\/strong><\/p>\n\n\n\n<div style=\"height:100px\" aria-hidden=\"true\" class=\"wp-block-spacer\"><\/div>\n\n\n\n<p class=\"has-coffee-color has-text-color has-content-heading-font-size\"><strong>Autres ateliers (pavement, h\u00e9raldique, calligraphie, empreintes) :<\/strong><\/p>\n\n\n\n<p class=\"has-luminous-vivid-orange-color has-text-color has-content-heading-font-size\"><strong>                       &#8211; ces ateliers demandent environ 1\/2 heure d\u2019installation.<\/strong><\/p>\n\n\n\n<p class=\"has-luminous-vivid-orange-color has-text-color has-content-heading-font-size\"><strong>                       &#8211; en g\u00e9n\u00e9ral, j\u2019arrive dans l\u2019\u00e9tablissement vers 8h30 pour commencer vers 9h00.<\/strong><\/p>\n\n\n\n<p class=\"has-luminous-vivid-orange-color has-text-color has-content-heading-font-size\"><strong>                       &#8211; ces ateliers se d\u00e9roulent int\u00e9gralement dans la salle de classe (ou dans toute autre salle \u00e9quip\u00e9e de tables et de chaises).<\/strong><\/p>\n\n\n\n<p class=\"has-luminous-vivid-orange-color has-text-color has-content-heading-font-size\"><strong>                       &#8211; il n\u2019y a aucun mat\u00e9riel \u00e0 fournir.<\/strong><\/p>\n\n\n\n<p class=\"has-luminous-vivid-orange-color has-text-color has-content-heading-font-size\"><strong>                       &#8211; mes interventions durent entre 2 et 3h00. Je m\u2019adapte donc \u00e0 vos contraintes horaires&nbsp;!<\/strong><\/p>\n\n\n\n<div style=\"height:100px\" aria-hidden=\"true\" class=\"wp-block-spacer\"><\/div>\n\n\n\n<figure class=\"wp-block-image aligncenter size-full\"><img decoding=\"async\" width=\"173\" height=\"189\" src=\"https:\/\/xn--archoskol-e4a.fr\/wp-content\/uploads\/2023\/09\/Petit-Menhir-08.png\" alt=\"\" class=\"wp-image-51\"\/><\/figure>\n\n\n\n<figure class=\"wp-block-image aligncenter size-large is-resized\"><img decoding=\"async\" src=\"https:\/\/xn--archoskol-e4a.fr\/wp-content\/uploads\/2023\/09\/Informations-tarifs-edited-1.jpg\" alt=\"\" class=\"wp-image-267\" style=\"width:791px;height:446px\" width=\"791\" height=\"446\"\/><\/figure>\n\n\n\n<p class=\"has-text-align-center has-luminous-vivid-orange-color has-text-color has-content-heading-font-size\"><strong>Ces tarifs sont sur la base d\u2019une journ\u00e9e-type&nbsp;:<\/strong><\/p>\n\n\n\n<p class=\"has-text-align-center has-luminous-vivid-orange-color has-text-color has-content-heading-font-size\"><strong>Horaires&nbsp;: <\/strong>9h00 (ou 9h30) \u2013 12h00 &amp; 13h30 (ou 14h00) \u2013 16h30<\/p>\n\n\n\n<p class=\"has-text-align-center has-luminous-vivid-orange-color has-text-color has-content-heading-font-size\"><strong>Nombre d\u2019\u00e9l\u00e8ves\/enfants&nbsp;: <\/strong>2 X 30 maximum (un groupe le matin, l\u2019autre l\u2019apr\u00e8s-midi)<\/p>\n\n\n\n<p class=\"has-text-align-center has-luminous-vivid-orange-color has-text-color has-content-heading-font-size\"><strong>Demi-journ\u00e9e&nbsp;: <\/strong>9h00 (ou 9h30) \u2013 12h00&nbsp; <strong>OU<\/strong>&nbsp; 13h30 (ou 14h00) \u2013 16h30, 30 \u00e9l\u00e8ves\/enfants maximum<\/p>\n\n\n","protected":false},"excerpt":{"rendered":"<p>Afin que les ateliers se d\u00e9roulent dans les meilleures conditions, voici quelques pr\u00e9cisions&nbsp;: Ateliers \u00ab&nbsp;fouilles&nbsp;\u00bb&nbsp;: &#8211; ces ateliers demandent environ 1 heure d\u2019installation. &#8211; en g\u00e9n\u00e9ral, j\u2019arrive dans l\u2019\u00e9tablissement vers [&hellip;]<\/p>\n","protected":false},"author":1,"featured_media":0,"parent":0,"menu_order":0,"comment_status":"closed","ping_status":"closed","template":"","meta":{"footnotes":""},"class_list":["post-248","page","type-page","status-publish","hentry"],"yoast_head":"<!-- This site is optimized with the Yoast SEO plugin v27.6 - https:\/\/yoast.com\/product\/yoast-seo-wordpress\/ -->\n<title>Informations &amp; tarifs - Arch\u00e9oskol<\/title>\n<meta name=\"robots\" content=\"index, follow, max-snippet:-1, max-image-preview:large, max-video-preview:-1\" \/>\n<link rel=\"canonical\" href=\"https:\/\/xn--archoskol-e4a.fr\/index.php\/informations-tarifs\/\" \/>\n<meta property=\"og:locale\" content=\"fr_FR\" \/>\n<meta property=\"og:type\" content=\"article\" \/>\n<meta property=\"og:title\" content=\"Informations &amp; tarifs - Arch\u00e9oskol\" \/>\n<meta property=\"og:description\" content=\"Afin que les ateliers se d\u00e9roulent dans les meilleures conditions, voici quelques pr\u00e9cisions&nbsp;: Ateliers \u00ab&nbsp;fouilles&nbsp;\u00bb&nbsp;: &#8211; ces ateliers demandent environ 1 heure d\u2019installation. &#8211; en g\u00e9n\u00e9ral, j\u2019arrive dans l\u2019\u00e9tablissement vers [&hellip;]\" \/>\n<meta property=\"og:url\" content=\"https:\/\/xn--archoskol-e4a.fr\/index.php\/informations-tarifs\/\" \/>\n<meta property=\"og:site_name\" content=\"Arch\u00e9oskol\" \/>\n<meta property=\"article:modified_time\" content=\"2023-10-02T08:50:58+00:00\" \/>\n<meta property=\"og:image\" content=\"https:\/\/xn--archoskol-e4a.fr\/wp-content\/uploads\/2023\/09\/Installation-06-1024x289.jpg\" \/>\n<meta name=\"twitter:card\" content=\"summary_large_image\" \/>\n<meta name=\"twitter:label1\" content=\"Dur\u00e9e de lecture estim\u00e9e\" \/>\n\t<meta name=\"twitter:data1\" content=\"1 minute\" \/>\n<script type=\"application\/ld+json\" class=\"yoast-schema-graph\">{\"@context\":\"https:\\\/\\\/schema.org\",\"@graph\":[{\"@type\":\"WebPage\",\"@id\":\"https:\\\/\\\/xn--archoskol-e4a.fr\\\/index.php\\\/informations-tarifs\\\/\",\"url\":\"https:\\\/\\\/xn--archoskol-e4a.fr\\\/index.php\\\/informations-tarifs\\\/\",\"name\":\"Informations & tarifs - Arch\u00e9oskol\",\"isPartOf\":{\"@id\":\"https:\\\/\\\/xn--archoskol-e4a.fr\\\/#website\"},\"primaryImageOfPage\":{\"@id\":\"https:\\\/\\\/xn--archoskol-e4a.fr\\\/index.php\\\/informations-tarifs\\\/#primaryimage\"},\"image\":{\"@id\":\"https:\\\/\\\/xn--archoskol-e4a.fr\\\/index.php\\\/informations-tarifs\\\/#primaryimage\"},\"thumbnailUrl\":\"https:\\\/\\\/xn--archoskol-e4a.fr\\\/wp-content\\\/uploads\\\/2023\\\/09\\\/Installation-06-1024x289.jpg\",\"datePublished\":\"2023-09-21T10:02:11+00:00\",\"dateModified\":\"2023-10-02T08:50:58+00:00\",\"breadcrumb\":{\"@id\":\"https:\\\/\\\/xn--archoskol-e4a.fr\\\/index.php\\\/informations-tarifs\\\/#breadcrumb\"},\"inLanguage\":\"fr-FR\",\"potentialAction\":[{\"@type\":\"ReadAction\",\"target\":[\"https:\\\/\\\/xn--archoskol-e4a.fr\\\/index.php\\\/informations-tarifs\\\/\"]}]},{\"@type\":\"ImageObject\",\"inLanguage\":\"fr-FR\",\"@id\":\"https:\\\/\\\/xn--archoskol-e4a.fr\\\/index.php\\\/informations-tarifs\\\/#primaryimage\",\"url\":\"https:\\\/\\\/xn--archoskol-e4a.fr\\\/wp-content\\\/uploads\\\/2023\\\/09\\\/Installation-06-scaled.jpg\",\"contentUrl\":\"https:\\\/\\\/xn--archoskol-e4a.fr\\\/wp-content\\\/uploads\\\/2023\\\/09\\\/Installation-06-scaled.jpg\",\"width\":2560,\"height\":724},{\"@type\":\"BreadcrumbList\",\"@id\":\"https:\\\/\\\/xn--archoskol-e4a.fr\\\/index.php\\\/informations-tarifs\\\/#breadcrumb\",\"itemListElement\":[{\"@type\":\"ListItem\",\"position\":1,\"name\":\"Accueil\",\"item\":\"https:\\\/\\\/xn--archoskol-e4a.fr\\\/\"},{\"@type\":\"ListItem\",\"position\":2,\"name\":\"Informations &#038; tarifs\"}]},{\"@type\":\"WebSite\",\"@id\":\"https:\\\/\\\/xn--archoskol-e4a.fr\\\/#website\",\"url\":\"https:\\\/\\\/xn--archoskol-e4a.fr\\\/\",\"name\":\"Arch\u00e9oskol\",\"description\":\"\",\"publisher\":{\"@id\":\"https:\\\/\\\/xn--archoskol-e4a.fr\\\/#\\\/schema\\\/person\\\/a5f3d7cb465fefee3f8d0a30c75066b3\"},\"potentialAction\":[{\"@type\":\"SearchAction\",\"target\":{\"@type\":\"EntryPoint\",\"urlTemplate\":\"https:\\\/\\\/xn--archoskol-e4a.fr\\\/?s={search_term_string}\"},\"query-input\":{\"@type\":\"PropertyValueSpecification\",\"valueRequired\":true,\"valueName\":\"search_term_string\"}}],\"inLanguage\":\"fr-FR\"},{\"@type\":[\"Person\",\"Organization\"],\"@id\":\"https:\\\/\\\/xn--archoskol-e4a.fr\\\/#\\\/schema\\\/person\\\/a5f3d7cb465fefee3f8d0a30c75066b3\",\"name\":\"archeoskol\",\"image\":{\"@type\":\"ImageObject\",\"inLanguage\":\"fr-FR\",\"@id\":\"https:\\\/\\\/xn--archoskol-e4a.fr\\\/wp-content\\\/uploads\\\/2023\\\/09\\\/Logo-01.png\",\"url\":\"https:\\\/\\\/xn--archoskol-e4a.fr\\\/wp-content\\\/uploads\\\/2023\\\/09\\\/Logo-01.png\",\"contentUrl\":\"https:\\\/\\\/xn--archoskol-e4a.fr\\\/wp-content\\\/uploads\\\/2023\\\/09\\\/Logo-01.png\",\"width\":1100,\"height\":293,\"caption\":\"archeoskol\"},\"logo\":{\"@id\":\"https:\\\/\\\/xn--archoskol-e4a.fr\\\/wp-content\\\/uploads\\\/2023\\\/09\\\/Logo-01.png\"},\"description\":\"Arch\u00e9ologue de formation, je propose des ateliers p\u00e9dagogiques sur les th\u00e8mes de l'arch\u00e9ologie et de la pal\u00e9ontologie.\",\"sameAs\":[\"https:\\\/\\\/xn--archoskol-e4a.fr\"]}]}<\/script>\n<!-- \/ Yoast SEO plugin. -->","yoast_head_json":{"title":"Informations & tarifs - Arch\u00e9oskol","robots":{"index":"index","follow":"follow","max-snippet":"max-snippet:-1","max-image-preview":"max-image-preview:large","max-video-preview":"max-video-preview:-1"},"canonical":"https:\/\/xn--archoskol-e4a.fr\/index.php\/informations-tarifs\/","og_locale":"fr_FR","og_type":"article","og_title":"Informations & tarifs - Arch\u00e9oskol","og_description":"Afin que les ateliers se d\u00e9roulent dans les meilleures conditions, voici quelques pr\u00e9cisions&nbsp;: Ateliers \u00ab&nbsp;fouilles&nbsp;\u00bb&nbsp;: &#8211; ces ateliers demandent environ 1 heure d\u2019installation. &#8211; en g\u00e9n\u00e9ral, j\u2019arrive dans l\u2019\u00e9tablissement vers [&hellip;]","og_url":"https:\/\/xn--archoskol-e4a.fr\/index.php\/informations-tarifs\/","og_site_name":"Arch\u00e9oskol","article_modified_time":"2023-10-02T08:50:58+00:00","og_image":[{"url":"https:\/\/xn--archoskol-e4a.fr\/wp-content\/uploads\/2023\/09\/Installation-06-1024x289.jpg","type":"","width":"","height":""}],"twitter_card":"summary_large_image","twitter_misc":{"Dur\u00e9e de lecture estim\u00e9e":"1 minute"},"schema":{"@context":"https:\/\/schema.org","@graph":[{"@type":"WebPage","@id":"https:\/\/xn--archoskol-e4a.fr\/index.php\/informations-tarifs\/","url":"https:\/\/xn--archoskol-e4a.fr\/index.php\/informations-tarifs\/","name":"Informations & tarifs - Arch\u00e9oskol","isPartOf":{"@id":"https:\/\/xn--archoskol-e4a.fr\/#website"},"primaryImageOfPage":{"@id":"https:\/\/xn--archoskol-e4a.fr\/index.php\/informations-tarifs\/#primaryimage"},"image":{"@id":"https:\/\/xn--archoskol-e4a.fr\/index.php\/informations-tarifs\/#primaryimage"},"thumbnailUrl":"https:\/\/xn--archoskol-e4a.fr\/wp-content\/uploads\/2023\/09\/Installation-06-1024x289.jpg","datePublished":"2023-09-21T10:02:11+00:00","dateModified":"2023-10-02T08:50:58+00:00","breadcrumb":{"@id":"https:\/\/xn--archoskol-e4a.fr\/index.php\/informations-tarifs\/#breadcrumb"},"inLanguage":"fr-FR","potentialAction":[{"@type":"ReadAction","target":["https:\/\/xn--archoskol-e4a.fr\/index.php\/informations-tarifs\/"]}]},{"@type":"ImageObject","inLanguage":"fr-FR","@id":"https:\/\/xn--archoskol-e4a.fr\/index.php\/informations-tarifs\/#primaryimage","url":"https:\/\/xn--archoskol-e4a.fr\/wp-content\/uploads\/2023\/09\/Installation-06-scaled.jpg","contentUrl":"https:\/\/xn--archoskol-e4a.fr\/wp-content\/uploads\/2023\/09\/Installation-06-scaled.jpg","width":2560,"height":724},{"@type":"BreadcrumbList","@id":"https:\/\/xn--archoskol-e4a.fr\/index.php\/informations-tarifs\/#breadcrumb","itemListElement":[{"@type":"ListItem","position":1,"name":"Accueil","item":"https:\/\/xn--archoskol-e4a.fr\/"},{"@type":"ListItem","position":2,"name":"Informations &#038; tarifs"}]},{"@type":"WebSite","@id":"https:\/\/xn--archoskol-e4a.fr\/#website","url":"https:\/\/xn--archoskol-e4a.fr\/","name":"Arch\u00e9oskol","description":"","publisher":{"@id":"https:\/\/xn--archoskol-e4a.fr\/#\/schema\/person\/a5f3d7cb465fefee3f8d0a30c75066b3"},"potentialAction":[{"@type":"SearchAction","target":{"@type":"EntryPoint","urlTemplate":"https:\/\/xn--archoskol-e4a.fr\/?s={search_term_string}"},"query-input":{"@type":"PropertyValueSpecification","valueRequired":true,"valueName":"search_term_string"}}],"inLanguage":"fr-FR"},{"@type":["Person","Organization"],"@id":"https:\/\/xn--archoskol-e4a.fr\/#\/schema\/person\/a5f3d7cb465fefee3f8d0a30c75066b3","name":"archeoskol","image":{"@type":"ImageObject","inLanguage":"fr-FR","@id":"https:\/\/xn--archoskol-e4a.fr\/wp-content\/uploads\/2023\/09\/Logo-01.png","url":"https:\/\/xn--archoskol-e4a.fr\/wp-content\/uploads\/2023\/09\/Logo-01.png","contentUrl":"https:\/\/xn--archoskol-e4a.fr\/wp-content\/uploads\/2023\/09\/Logo-01.png","width":1100,"height":293,"caption":"archeoskol"},"logo":{"@id":"https:\/\/xn--archoskol-e4a.fr\/wp-content\/uploads\/2023\/09\/Logo-01.png"},"description":"Arch\u00e9ologue de formation, je propose des ateliers p\u00e9dagogiques sur les th\u00e8mes de l'arch\u00e9ologie et de la pal\u00e9ontologie.","sameAs":["https:\/\/xn--archoskol-e4a.fr"]}]}},"_links":{"self":[{"href":"https:\/\/xn--archoskol-e4a.fr\/index.php\/wp-json\/wp\/v2\/pages\/248","targetHints":{"allow":["GET"]}}],"collection":[{"href":"https:\/\/xn--archoskol-e4a.fr\/index.php\/wp-json\/wp\/v2\/pages"}],"about":[{"href":"https:\/\/xn--archoskol-e4a.fr\/index.php\/wp-json\/wp\/v2\/types\/page"}],"author":[{"embeddable":true,"href":"https:\/\/xn--archoskol-e4a.fr\/index.php\/wp-json\/wp\/v2\/users\/1"}],"replies":[{"embeddable":true,"href":"https:\/\/xn--archoskol-e4a.fr\/index.php\/wp-json\/wp\/v2\/comments?post=248"}],"version-history":[{"count":9,"href":"https:\/\/xn--archoskol-e4a.fr\/index.php\/wp-json\/wp\/v2\/pages\/248\/revisions"}],"predecessor-version":[{"id":343,"href":"https:\/\/xn--archoskol-e4a.fr\/index.php\/wp-json\/wp\/v2\/pages\/248\/revisions\/343"}],"wp:attachment":[{"href":"https:\/\/xn--archoskol-e4a.fr\/index.php\/wp-json\/wp\/v2\/media?parent=248"}],"curies":[{"name":"wp","href":"https:\/\/api.w.org\/{rel}","templated":true}]}}