{"id":157,"date":"2023-09-19T16:01:34","date_gmt":"2023-09-19T14:01:34","guid":{"rendered":"https:\/\/xn--archoskol-e4a.fr\/?page_id=157"},"modified":"2023-09-29T18:49:26","modified_gmt":"2023-09-29T16:49:26","slug":"photos","status":"publish","type":"page","link":"https:\/\/xn--archoskol-e4a.fr\/index.php\/photos\/","title":{"rendered":"Photos"},"content":{"rendered":"\n<p class=\"has-coffee-color has-text-color has-lato-font-family has-content-heading-font-size\"><strong>Atelier \u00ab\u00a0arch\u00e9ologie de la Pr\u00e9histoire\u00a0\u00bb :<\/strong><\/p>\n\n\n\n<figure class=\"wp-block-image aligncenter size-large\"><img fetchpriority=\"high\" decoding=\"async\" width=\"1024\" height=\"677\" src=\"https:\/\/xn--archoskol-e4a.fr\/wp-content\/uploads\/2023\/09\/Archeologie-de-la-Prehistoire-1024x677.jpg\" alt=\"\" class=\"wp-image-275\" srcset=\"https:\/\/xn--archoskol-e4a.fr\/wp-content\/uploads\/2023\/09\/Archeologie-de-la-Prehistoire-1024x677.jpg 1024w, https:\/\/xn--archoskol-e4a.fr\/wp-content\/uploads\/2023\/09\/Archeologie-de-la-Prehistoire-300x198.jpg 300w, https:\/\/xn--archoskol-e4a.fr\/wp-content\/uploads\/2023\/09\/Archeologie-de-la-Prehistoire-768x508.jpg 768w, https:\/\/xn--archoskol-e4a.fr\/wp-content\/uploads\/2023\/09\/Archeologie-de-la-Prehistoire-1536x1015.jpg 1536w, https:\/\/xn--archoskol-e4a.fr\/wp-content\/uploads\/2023\/09\/Archeologie-de-la-Prehistoire.jpg 1979w\" sizes=\"(max-width: 1024px) 100vw, 1024px\" \/><\/figure>\n\n\n\n<h2 class=\"wp-block-heading has-text-align-center has-luminous-vivid-orange-color has-text-color\">&#8212;<\/h2>\n\n\n\n<h2 class=\"wp-block-heading has-coffee-color has-text-color has-content-heading-font-size\"><strong>Atelier \u00ab\u00a0\u00e0 la d\u00e9couverte des Pharaons\u00a0\u00bb :<\/strong><\/h2>\n\n\n\n<figure class=\"wp-block-image aligncenter size-large\"><img decoding=\"async\" width=\"1024\" height=\"754\" src=\"https:\/\/xn--archoskol-e4a.fr\/wp-content\/uploads\/2023\/09\/a-la-decouverte-des-Pharaons-1024x754.jpg\" alt=\"\" class=\"wp-image-280\" srcset=\"https:\/\/xn--archoskol-e4a.fr\/wp-content\/uploads\/2023\/09\/a-la-decouverte-des-Pharaons-1024x754.jpg 1024w, https:\/\/xn--archoskol-e4a.fr\/wp-content\/uploads\/2023\/09\/a-la-decouverte-des-Pharaons-300x221.jpg 300w, https:\/\/xn--archoskol-e4a.fr\/wp-content\/uploads\/2023\/09\/a-la-decouverte-des-Pharaons-768x566.jpg 768w, https:\/\/xn--archoskol-e4a.fr\/wp-content\/uploads\/2023\/09\/a-la-decouverte-des-Pharaons-1536x1131.jpg 1536w, https:\/\/xn--archoskol-e4a.fr\/wp-content\/uploads\/2023\/09\/a-la-decouverte-des-Pharaons.jpg 1992w\" sizes=\"(max-width: 1024px) 100vw, 1024px\" \/><\/figure>\n\n\n\n<h2 class=\"wp-block-heading has-text-align-center has-luminous-vivid-orange-color has-text-color\">&#8212;<\/h2>\n\n\n\n<h2 class=\"wp-block-heading has-coffee-color has-text-color has-content-heading-font-size\"><strong>Atelier \u00ab\u00a0arch\u00e9ologie m\u00e9di\u00e9vale\u00a0\u00bb :<\/strong><\/h2>\n\n\n\n<figure class=\"wp-block-image aligncenter size-large\"><img decoding=\"async\" width=\"1024\" height=\"722\" src=\"https:\/\/xn--archoskol-e4a.fr\/wp-content\/uploads\/2023\/09\/Archeologie-medievale-1024x722.jpg\" alt=\"\" class=\"wp-image-282\" srcset=\"https:\/\/xn--archoskol-e4a.fr\/wp-content\/uploads\/2023\/09\/Archeologie-medievale-1024x722.jpg 1024w, https:\/\/xn--archoskol-e4a.fr\/wp-content\/uploads\/2023\/09\/Archeologie-medievale-300x211.jpg 300w, https:\/\/xn--archoskol-e4a.fr\/wp-content\/uploads\/2023\/09\/Archeologie-medievale-768x541.jpg 768w, https:\/\/xn--archoskol-e4a.fr\/wp-content\/uploads\/2023\/09\/Archeologie-medievale-1536x1083.jpg 1536w, https:\/\/xn--archoskol-e4a.fr\/wp-content\/uploads\/2023\/09\/Archeologie-medievale.jpg 1982w\" sizes=\"(max-width: 1024px) 100vw, 1024px\" \/><\/figure>\n\n\n\n<h2 class=\"wp-block-heading has-text-align-center has-luminous-vivid-orange-color has-text-color\">&#8212;<\/h2>\n\n\n\n<h2 class=\"wp-block-heading has-coffee-color has-text-color has-content-heading-font-size\"><strong>Atelier \u00ab\u00a0arch\u00e9ologie &amp; \u00e9cologie\u00a0\u00bb :<\/strong><\/h2>\n\n\n\n<figure class=\"wp-block-image aligncenter size-large\"><img loading=\"lazy\" decoding=\"async\" width=\"1024\" height=\"692\" src=\"https:\/\/xn--archoskol-e4a.fr\/wp-content\/uploads\/2023\/09\/Archeologie-ecologie-1024x692.jpg\" alt=\"\" class=\"wp-image-284\" srcset=\"https:\/\/xn--archoskol-e4a.fr\/wp-content\/uploads\/2023\/09\/Archeologie-ecologie-1024x692.jpg 1024w, https:\/\/xn--archoskol-e4a.fr\/wp-content\/uploads\/2023\/09\/Archeologie-ecologie-300x203.jpg 300w, https:\/\/xn--archoskol-e4a.fr\/wp-content\/uploads\/2023\/09\/Archeologie-ecologie-768x519.jpg 768w, https:\/\/xn--archoskol-e4a.fr\/wp-content\/uploads\/2023\/09\/Archeologie-ecologie-1536x1038.jpg 1536w, https:\/\/xn--archoskol-e4a.fr\/wp-content\/uploads\/2023\/09\/Archeologie-ecologie.jpg 1971w\" sizes=\"(max-width: 1024px) 100vw, 1024px\" \/><\/figure>\n\n\n\n<h2 class=\"wp-block-heading has-text-align-center has-luminous-vivid-orange-color has-text-color\">&#8212;<\/h2>\n\n\n\n<h2 class=\"wp-block-heading has-coffee-color has-text-color has-content-heading-font-size\"><strong>Atelier \u00ab\u00a0fouille pal\u00e9ontologique\u00a0\u00bb :<\/strong><\/h2>\n\n\n\n<figure class=\"wp-block-image aligncenter size-large\"><img loading=\"lazy\" decoding=\"async\" width=\"1024\" height=\"884\" src=\"https:\/\/xn--archoskol-e4a.fr\/wp-content\/uploads\/2023\/09\/Fouille-paleontologique-1-1024x884.jpg\" alt=\"\" class=\"wp-image-295\" srcset=\"https:\/\/xn--archoskol-e4a.fr\/wp-content\/uploads\/2023\/09\/Fouille-paleontologique-1-1024x884.jpg 1024w, https:\/\/xn--archoskol-e4a.fr\/wp-content\/uploads\/2023\/09\/Fouille-paleontologique-1-300x259.jpg 300w, https:\/\/xn--archoskol-e4a.fr\/wp-content\/uploads\/2023\/09\/Fouille-paleontologique-1-768x663.jpg 768w, https:\/\/xn--archoskol-e4a.fr\/wp-content\/uploads\/2023\/09\/Fouille-paleontologique-1-1536x1325.jpg 1536w, https:\/\/xn--archoskol-e4a.fr\/wp-content\/uploads\/2023\/09\/Fouille-paleontologique-1.jpg 1926w\" sizes=\"(max-width: 1024px) 100vw, 1024px\" \/><\/figure>\n\n\n\n<h2 class=\"wp-block-heading has-text-align-center has-luminous-vivid-orange-color has-text-color\">&#8212;<\/h2>\n\n\n\n<h2 class=\"wp-block-heading has-coffee-color has-text-color has-content-heading-font-size\"><strong>Atelier \u00ab\u00a0<\/strong>sur les traces des dinosaures<strong>\u00a0\u00bb :<\/strong><\/h2>\n\n\n\n<figure class=\"wp-block-image aligncenter size-large\"><img loading=\"lazy\" decoding=\"async\" width=\"993\" height=\"1024\" src=\"https:\/\/xn--archoskol-e4a.fr\/wp-content\/uploads\/2023\/09\/Sur-les-traces-des-dinosaures-993x1024.jpg\" alt=\"\" class=\"wp-image-291\" srcset=\"https:\/\/xn--archoskol-e4a.fr\/wp-content\/uploads\/2023\/09\/Sur-les-traces-des-dinosaures-993x1024.jpg 993w, https:\/\/xn--archoskol-e4a.fr\/wp-content\/uploads\/2023\/09\/Sur-les-traces-des-dinosaures-291x300.jpg 291w, https:\/\/xn--archoskol-e4a.fr\/wp-content\/uploads\/2023\/09\/Sur-les-traces-des-dinosaures-768x792.jpg 768w, https:\/\/xn--archoskol-e4a.fr\/wp-content\/uploads\/2023\/09\/Sur-les-traces-des-dinosaures-1489x1536.jpg 1489w, https:\/\/xn--archoskol-e4a.fr\/wp-content\/uploads\/2023\/09\/Sur-les-traces-des-dinosaures.jpg 1908w\" sizes=\"(max-width: 993px) 100vw, 993px\" \/><\/figure>\n\n\n\n<h2 class=\"wp-block-heading has-text-align-center has-luminous-vivid-orange-color has-text-color\">&#8212;<\/h2>\n\n\n\n<h2 class=\"wp-block-heading has-coffee-color has-text-color has-content-heading-font-size\"><strong>Atelier \u00ab\u00a0<\/strong>pavement m\u00e9di\u00e9val<strong>\u00a0\u00bb :<\/strong><\/h2>\n\n\n\n<figure class=\"wp-block-image aligncenter size-large\"><img loading=\"lazy\" decoding=\"async\" width=\"1024\" height=\"727\" src=\"https:\/\/xn--archoskol-e4a.fr\/wp-content\/uploads\/2023\/09\/Pavement-1024x727.jpg\" alt=\"\" class=\"wp-image-293\" srcset=\"https:\/\/xn--archoskol-e4a.fr\/wp-content\/uploads\/2023\/09\/Pavement-1024x727.jpg 1024w, https:\/\/xn--archoskol-e4a.fr\/wp-content\/uploads\/2023\/09\/Pavement-300x213.jpg 300w, https:\/\/xn--archoskol-e4a.fr\/wp-content\/uploads\/2023\/09\/Pavement-768x545.jpg 768w, https:\/\/xn--archoskol-e4a.fr\/wp-content\/uploads\/2023\/09\/Pavement-1536x1091.jpg 1536w, https:\/\/xn--archoskol-e4a.fr\/wp-content\/uploads\/2023\/09\/Pavement.jpg 1976w\" sizes=\"(max-width: 1024px) 100vw, 1024px\" \/><\/figure>\n\n\n\n<h2 class=\"wp-block-heading has-text-align-center has-luminous-vivid-orange-color has-text-color\">&#8212;<\/h2>\n\n\n\n<h2 class=\"wp-block-heading has-coffee-color has-text-color has-content-heading-font-size\"><strong>Atelier \u00ab\u00a0<\/strong>h\u00e9raldique<strong>\u00a0\u00bb :<\/strong><\/h2>\n\n\n\n<figure class=\"wp-block-image aligncenter size-large\"><img loading=\"lazy\" decoding=\"async\" width=\"1024\" height=\"796\" src=\"https:\/\/xn--archoskol-e4a.fr\/wp-content\/uploads\/2023\/09\/Heraldique-1024x796.jpg\" alt=\"\" class=\"wp-image-297\" srcset=\"https:\/\/xn--archoskol-e4a.fr\/wp-content\/uploads\/2023\/09\/Heraldique-1024x796.jpg 1024w, https:\/\/xn--archoskol-e4a.fr\/wp-content\/uploads\/2023\/09\/Heraldique-300x233.jpg 300w, https:\/\/xn--archoskol-e4a.fr\/wp-content\/uploads\/2023\/09\/Heraldique-768x597.jpg 768w, https:\/\/xn--archoskol-e4a.fr\/wp-content\/uploads\/2023\/09\/Heraldique-1536x1195.jpg 1536w, https:\/\/xn--archoskol-e4a.fr\/wp-content\/uploads\/2023\/09\/Heraldique.jpg 1984w\" sizes=\"(max-width: 1024px) 100vw, 1024px\" \/><\/figure>\n\n\n\n<h2 class=\"wp-block-heading has-text-align-center has-luminous-vivid-orange-color has-text-color\">&#8212;<\/h2>\n\n\n\n<h2 class=\"wp-block-heading has-coffee-color has-text-color has-content-heading-font-size\"><strong>Atelier \u00ab\u00a0<\/strong>calligraphie<strong>\u00a0\u00bb :<\/strong><\/h2>\n\n\n\n<figure class=\"wp-block-image aligncenter size-large\"><img loading=\"lazy\" decoding=\"async\" width=\"1024\" height=\"725\" src=\"https:\/\/xn--archoskol-e4a.fr\/wp-content\/uploads\/2023\/09\/Calligraphie-1024x725.jpg\" alt=\"\" class=\"wp-image-299\" srcset=\"https:\/\/xn--archoskol-e4a.fr\/wp-content\/uploads\/2023\/09\/Calligraphie-1024x725.jpg 1024w, https:\/\/xn--archoskol-e4a.fr\/wp-content\/uploads\/2023\/09\/Calligraphie-300x212.jpg 300w, https:\/\/xn--archoskol-e4a.fr\/wp-content\/uploads\/2023\/09\/Calligraphie-768x544.jpg 768w, https:\/\/xn--archoskol-e4a.fr\/wp-content\/uploads\/2023\/09\/Calligraphie-1536x1087.jpg 1536w, https:\/\/xn--archoskol-e4a.fr\/wp-content\/uploads\/2023\/09\/Calligraphie.jpg 1976w\" sizes=\"(max-width: 1024px) 100vw, 1024px\" \/><\/figure>\n\n\n\n<h2 class=\"wp-block-heading has-text-align-center has-luminous-vivid-orange-color has-text-color\">&#8212;<\/h2>\n","protected":false},"excerpt":{"rendered":"<p>Atelier \u00ab\u00a0arch\u00e9ologie de la Pr\u00e9histoire\u00a0\u00bb : &#8212; Atelier \u00ab\u00a0\u00e0 la d\u00e9couverte des Pharaons\u00a0\u00bb : &#8212; Atelier \u00ab\u00a0arch\u00e9ologie m\u00e9di\u00e9vale\u00a0\u00bb : &#8212; Atelier \u00ab\u00a0arch\u00e9ologie &amp; \u00e9cologie\u00a0\u00bb : &#8212; Atelier \u00ab\u00a0fouille pal\u00e9ontologique\u00a0\u00bb : [&hellip;]<\/p>\n","protected":false},"author":1,"featured_media":256,"parent":0,"menu_order":0,"comment_status":"closed","ping_status":"closed","template":"","meta":{"footnotes":""},"class_list":["post-157","page","type-page","status-publish","has-post-thumbnail","hentry"],"yoast_head":"<!-- This site is optimized with the Yoast SEO plugin v27.4 - https:\/\/yoast.com\/product\/yoast-seo-wordpress\/ -->\n<title>Photos - Arch\u00e9oskol<\/title>\n<meta name=\"robots\" content=\"index, follow, max-snippet:-1, max-image-preview:large, max-video-preview:-1\" \/>\n<link rel=\"canonical\" href=\"https:\/\/xn--archoskol-e4a.fr\/index.php\/photos\/\" \/>\n<meta property=\"og:locale\" content=\"fr_FR\" \/>\n<meta property=\"og:type\" content=\"article\" \/>\n<meta property=\"og:title\" content=\"Photos - Arch\u00e9oskol\" \/>\n<meta property=\"og:description\" content=\"Atelier \u00ab\u00a0arch\u00e9ologie de la Pr\u00e9histoire\u00a0\u00bb : &#8212; Atelier \u00ab\u00a0\u00e0 la d\u00e9couverte des Pharaons\u00a0\u00bb : &#8212; Atelier \u00ab\u00a0arch\u00e9ologie m\u00e9di\u00e9vale\u00a0\u00bb : &#8212; Atelier \u00ab\u00a0arch\u00e9ologie &amp; \u00e9cologie\u00a0\u00bb : &#8212; Atelier \u00ab\u00a0fouille pal\u00e9ontologique\u00a0\u00bb : [&hellip;]\" \/>\n<meta property=\"og:url\" content=\"https:\/\/xn--archoskol-e4a.fr\/index.php\/photos\/\" \/>\n<meta property=\"og:site_name\" content=\"Arch\u00e9oskol\" \/>\n<meta property=\"article:modified_time\" content=\"2023-09-29T16:49:26+00:00\" \/>\n<meta property=\"og:image\" content=\"https:\/\/xn--archoskol-e4a.fr\/wp-content\/uploads\/2023\/09\/Installation-05-1-scaled.jpg\" \/>\n\t<meta property=\"og:image:width\" content=\"2560\" \/>\n\t<meta property=\"og:image:height\" content=\"1686\" \/>\n\t<meta property=\"og:image:type\" content=\"image\/jpeg\" \/>\n<meta name=\"twitter:card\" content=\"summary_large_image\" \/>\n<script type=\"application\/ld+json\" class=\"yoast-schema-graph\">{\"@context\":\"https:\\\/\\\/schema.org\",\"@graph\":[{\"@type\":\"WebPage\",\"@id\":\"https:\\\/\\\/xn--archoskol-e4a.fr\\\/index.php\\\/photos\\\/\",\"url\":\"https:\\\/\\\/xn--archoskol-e4a.fr\\\/index.php\\\/photos\\\/\",\"name\":\"Photos - Arch\u00e9oskol\",\"isPartOf\":{\"@id\":\"https:\\\/\\\/xn--archoskol-e4a.fr\\\/#website\"},\"primaryImageOfPage\":{\"@id\":\"https:\\\/\\\/xn--archoskol-e4a.fr\\\/index.php\\\/photos\\\/#primaryimage\"},\"image\":{\"@id\":\"https:\\\/\\\/xn--archoskol-e4a.fr\\\/index.php\\\/photos\\\/#primaryimage\"},\"thumbnailUrl\":\"https:\\\/\\\/xn--archoskol-e4a.fr\\\/wp-content\\\/uploads\\\/2023\\\/09\\\/Installation-05-1-scaled.jpg\",\"datePublished\":\"2023-09-19T14:01:34+00:00\",\"dateModified\":\"2023-09-29T16:49:26+00:00\",\"breadcrumb\":{\"@id\":\"https:\\\/\\\/xn--archoskol-e4a.fr\\\/index.php\\\/photos\\\/#breadcrumb\"},\"inLanguage\":\"fr-FR\",\"potentialAction\":[{\"@type\":\"ReadAction\",\"target\":[\"https:\\\/\\\/xn--archoskol-e4a.fr\\\/index.php\\\/photos\\\/\"]}]},{\"@type\":\"ImageObject\",\"inLanguage\":\"fr-FR\",\"@id\":\"https:\\\/\\\/xn--archoskol-e4a.fr\\\/index.php\\\/photos\\\/#primaryimage\",\"url\":\"https:\\\/\\\/xn--archoskol-e4a.fr\\\/wp-content\\\/uploads\\\/2023\\\/09\\\/Installation-05-1-scaled.jpg\",\"contentUrl\":\"https:\\\/\\\/xn--archoskol-e4a.fr\\\/wp-content\\\/uploads\\\/2023\\\/09\\\/Installation-05-1-scaled.jpg\",\"width\":2560,\"height\":1686},{\"@type\":\"BreadcrumbList\",\"@id\":\"https:\\\/\\\/xn--archoskol-e4a.fr\\\/index.php\\\/photos\\\/#breadcrumb\",\"itemListElement\":[{\"@type\":\"ListItem\",\"position\":1,\"name\":\"Accueil\",\"item\":\"https:\\\/\\\/xn--archoskol-e4a.fr\\\/\"},{\"@type\":\"ListItem\",\"position\":2,\"name\":\"Photos\"}]},{\"@type\":\"WebSite\",\"@id\":\"https:\\\/\\\/xn--archoskol-e4a.fr\\\/#website\",\"url\":\"https:\\\/\\\/xn--archoskol-e4a.fr\\\/\",\"name\":\"Arch\u00e9oskol\",\"description\":\"\",\"publisher\":{\"@id\":\"https:\\\/\\\/xn--archoskol-e4a.fr\\\/#\\\/schema\\\/person\\\/a5f3d7cb465fefee3f8d0a30c75066b3\"},\"potentialAction\":[{\"@type\":\"SearchAction\",\"target\":{\"@type\":\"EntryPoint\",\"urlTemplate\":\"https:\\\/\\\/xn--archoskol-e4a.fr\\\/?s={search_term_string}\"},\"query-input\":{\"@type\":\"PropertyValueSpecification\",\"valueRequired\":true,\"valueName\":\"search_term_string\"}}],\"inLanguage\":\"fr-FR\"},{\"@type\":[\"Person\",\"Organization\"],\"@id\":\"https:\\\/\\\/xn--archoskol-e4a.fr\\\/#\\\/schema\\\/person\\\/a5f3d7cb465fefee3f8d0a30c75066b3\",\"name\":\"archeoskol\",\"image\":{\"@type\":\"ImageObject\",\"inLanguage\":\"fr-FR\",\"@id\":\"https:\\\/\\\/xn--archoskol-e4a.fr\\\/wp-content\\\/uploads\\\/2023\\\/09\\\/Logo-01.png\",\"url\":\"https:\\\/\\\/xn--archoskol-e4a.fr\\\/wp-content\\\/uploads\\\/2023\\\/09\\\/Logo-01.png\",\"contentUrl\":\"https:\\\/\\\/xn--archoskol-e4a.fr\\\/wp-content\\\/uploads\\\/2023\\\/09\\\/Logo-01.png\",\"width\":1100,\"height\":293,\"caption\":\"archeoskol\"},\"logo\":{\"@id\":\"https:\\\/\\\/xn--archoskol-e4a.fr\\\/wp-content\\\/uploads\\\/2023\\\/09\\\/Logo-01.png\"},\"description\":\"Arch\u00e9ologue de formation, je propose des ateliers p\u00e9dagogiques sur les th\u00e8mes de l'arch\u00e9ologie et de la pal\u00e9ontologie.\",\"sameAs\":[\"https:\\\/\\\/xn--archoskol-e4a.fr\"]}]}<\/script>\n<!-- \/ Yoast SEO plugin. -->","yoast_head_json":{"title":"Photos - Arch\u00e9oskol","robots":{"index":"index","follow":"follow","max-snippet":"max-snippet:-1","max-image-preview":"max-image-preview:large","max-video-preview":"max-video-preview:-1"},"canonical":"https:\/\/xn--archoskol-e4a.fr\/index.php\/photos\/","og_locale":"fr_FR","og_type":"article","og_title":"Photos - Arch\u00e9oskol","og_description":"Atelier \u00ab\u00a0arch\u00e9ologie de la Pr\u00e9histoire\u00a0\u00bb : &#8212; Atelier \u00ab\u00a0\u00e0 la d\u00e9couverte des Pharaons\u00a0\u00bb : &#8212; Atelier \u00ab\u00a0arch\u00e9ologie m\u00e9di\u00e9vale\u00a0\u00bb : &#8212; Atelier \u00ab\u00a0arch\u00e9ologie &amp; \u00e9cologie\u00a0\u00bb : &#8212; Atelier \u00ab\u00a0fouille pal\u00e9ontologique\u00a0\u00bb : [&hellip;]","og_url":"https:\/\/xn--archoskol-e4a.fr\/index.php\/photos\/","og_site_name":"Arch\u00e9oskol","article_modified_time":"2023-09-29T16:49:26+00:00","og_image":[{"width":2560,"height":1686,"url":"https:\/\/xn--archoskol-e4a.fr\/wp-content\/uploads\/2023\/09\/Installation-05-1-scaled.jpg","type":"image\/jpeg"}],"twitter_card":"summary_large_image","schema":{"@context":"https:\/\/schema.org","@graph":[{"@type":"WebPage","@id":"https:\/\/xn--archoskol-e4a.fr\/index.php\/photos\/","url":"https:\/\/xn--archoskol-e4a.fr\/index.php\/photos\/","name":"Photos - Arch\u00e9oskol","isPartOf":{"@id":"https:\/\/xn--archoskol-e4a.fr\/#website"},"primaryImageOfPage":{"@id":"https:\/\/xn--archoskol-e4a.fr\/index.php\/photos\/#primaryimage"},"image":{"@id":"https:\/\/xn--archoskol-e4a.fr\/index.php\/photos\/#primaryimage"},"thumbnailUrl":"https:\/\/xn--archoskol-e4a.fr\/wp-content\/uploads\/2023\/09\/Installation-05-1-scaled.jpg","datePublished":"2023-09-19T14:01:34+00:00","dateModified":"2023-09-29T16:49:26+00:00","breadcrumb":{"@id":"https:\/\/xn--archoskol-e4a.fr\/index.php\/photos\/#breadcrumb"},"inLanguage":"fr-FR","potentialAction":[{"@type":"ReadAction","target":["https:\/\/xn--archoskol-e4a.fr\/index.php\/photos\/"]}]},{"@type":"ImageObject","inLanguage":"fr-FR","@id":"https:\/\/xn--archoskol-e4a.fr\/index.php\/photos\/#primaryimage","url":"https:\/\/xn--archoskol-e4a.fr\/wp-content\/uploads\/2023\/09\/Installation-05-1-scaled.jpg","contentUrl":"https:\/\/xn--archoskol-e4a.fr\/wp-content\/uploads\/2023\/09\/Installation-05-1-scaled.jpg","width":2560,"height":1686},{"@type":"BreadcrumbList","@id":"https:\/\/xn--archoskol-e4a.fr\/index.php\/photos\/#breadcrumb","itemListElement":[{"@type":"ListItem","position":1,"name":"Accueil","item":"https:\/\/xn--archoskol-e4a.fr\/"},{"@type":"ListItem","position":2,"name":"Photos"}]},{"@type":"WebSite","@id":"https:\/\/xn--archoskol-e4a.fr\/#website","url":"https:\/\/xn--archoskol-e4a.fr\/","name":"Arch\u00e9oskol","description":"","publisher":{"@id":"https:\/\/xn--archoskol-e4a.fr\/#\/schema\/person\/a5f3d7cb465fefee3f8d0a30c75066b3"},"potentialAction":[{"@type":"SearchAction","target":{"@type":"EntryPoint","urlTemplate":"https:\/\/xn--archoskol-e4a.fr\/?s={search_term_string}"},"query-input":{"@type":"PropertyValueSpecification","valueRequired":true,"valueName":"search_term_string"}}],"inLanguage":"fr-FR"},{"@type":["Person","Organization"],"@id":"https:\/\/xn--archoskol-e4a.fr\/#\/schema\/person\/a5f3d7cb465fefee3f8d0a30c75066b3","name":"archeoskol","image":{"@type":"ImageObject","inLanguage":"fr-FR","@id":"https:\/\/xn--archoskol-e4a.fr\/wp-content\/uploads\/2023\/09\/Logo-01.png","url":"https:\/\/xn--archoskol-e4a.fr\/wp-content\/uploads\/2023\/09\/Logo-01.png","contentUrl":"https:\/\/xn--archoskol-e4a.fr\/wp-content\/uploads\/2023\/09\/Logo-01.png","width":1100,"height":293,"caption":"archeoskol"},"logo":{"@id":"https:\/\/xn--archoskol-e4a.fr\/wp-content\/uploads\/2023\/09\/Logo-01.png"},"description":"Arch\u00e9ologue de formation, je propose des ateliers p\u00e9dagogiques sur les th\u00e8mes de l'arch\u00e9ologie et de la pal\u00e9ontologie.","sameAs":["https:\/\/xn--archoskol-e4a.fr"]}]}},"_links":{"self":[{"href":"https:\/\/xn--archoskol-e4a.fr\/index.php\/wp-json\/wp\/v2\/pages\/157","targetHints":{"allow":["GET"]}}],"collection":[{"href":"https:\/\/xn--archoskol-e4a.fr\/index.php\/wp-json\/wp\/v2\/pages"}],"about":[{"href":"https:\/\/xn--archoskol-e4a.fr\/index.php\/wp-json\/wp\/v2\/types\/page"}],"author":[{"embeddable":true,"href":"https:\/\/xn--archoskol-e4a.fr\/index.php\/wp-json\/wp\/v2\/users\/1"}],"replies":[{"embeddable":true,"href":"https:\/\/xn--archoskol-e4a.fr\/index.php\/wp-json\/wp\/v2\/comments?post=157"}],"version-history":[{"count":15,"href":"https:\/\/xn--archoskol-e4a.fr\/index.php\/wp-json\/wp\/v2\/pages\/157\/revisions"}],"predecessor-version":[{"id":339,"href":"https:\/\/xn--archoskol-e4a.fr\/index.php\/wp-json\/wp\/v2\/pages\/157\/revisions\/339"}],"wp:featuredmedia":[{"embeddable":true,"href":"https:\/\/xn--archoskol-e4a.fr\/index.php\/wp-json\/wp\/v2\/media\/256"}],"wp:attachment":[{"href":"https:\/\/xn--archoskol-e4a.fr\/index.php\/wp-json\/wp\/v2\/media?parent=157"}],"curies":[{"name":"wp","href":"https:\/\/api.w.org\/{rel}","templated":true}]}}